{"id":3,"date":"2024-09-16T08:24:26","date_gmt":"2024-09-16T08:24:26","guid":{"rendered":"https:\/\/kiger.hu\/munkasszallokereso\/?page_id=3"},"modified":"2024-10-02T10:45:07","modified_gmt":"2024-10-02T09:45:07","slug":"privacy-policy","status":"publish","type":"page","link":"https:\/\/kiger.hu\/munkasszallokereso\/privacy-policy\/","title":{"rendered":"Adatv\u00e9delmi Nyilatkozat"},"content":{"rendered":"\n<h4 class=\"wp-block-heading\">I. \u00c1ltal\u00e1nos rendelkez\u00e9sek<\/h4>\n\n\n\n<ol class=\"wp-block-list\">\n<li>A szab\u00e1lyzat hat\u00e1lya kiterjed a Travel Online Kft-re \/2800. Tatab\u00e1nya, Dr. Vit\u00e1lis Istv\u00e1n u. 54. 1.emelet 1\/ (a tov\u00e1bbiakban: Adatkezel\u0151).<\/li>\n\n\n\n<li>A szab\u00e1lyzat t\u00e1rgyi hat\u00e1lya kiterjed az Adatkezel\u0151 \u00e1ltal meghat\u00e1rozott c\u00e9lra kezelt szem\u00e9lyes adatokra.<\/li>\n<\/ol>\n\n\n\n<h4 class=\"wp-block-heading\">II. A szab\u00e1lyzat c\u00e9lja<\/h4>\n\n\n\n<ol start=\"3\" class=\"wp-block-list\">\n<li>A szab\u00e1lyzat c\u00e9lja, hogy meghat\u00e1rozza az Adatkezel\u0151 \u00e1ltal kezelt szem\u00e9lyes adatok k\u00f6r\u00e9t, az adatkezel\u00e9s m\u00f3dj\u00e1t, valamint biztos\u00edtsa az adatv\u00e9delem \u00e9s adatkezel\u00e9s alkotm\u00e1nyos elveinek, az adatbiztons\u00e1g k\u00f6vetelm\u00e9nyeinek \u00e9rv\u00e9nyes\u00fcl\u00e9s\u00e9t annak \u00e9rdek\u00e9ben, hogy a felhaszn\u00e1l\u00f3 term\u00e9szetes szem\u00e9lyek mag\u00e1nszf\u00e9r\u00e1j\u00e1nak a tiszteletben tart\u00e1sa megval\u00f3suljon az \u00e9rintettek szem\u00e9lyes adatainak feldolgoz\u00e1sa, illet\u0151leg kezel\u00e9se sor\u00e1n.<\/li>\n<\/ol>\n\n\n\n<h4 class=\"wp-block-heading\">III. \u00c9rtelmez\u0151 rendelkez\u00e9sek<\/h4>\n\n\n\n<ol start=\"4\" class=\"wp-block-list\">\n<li>Az utas\u00edt\u00e1s alkalmaz\u00e1s\u00e1ban<\/li>\n<\/ol>\n\n\n\n<p>a)&nbsp;<em>adatkezel\u0151<\/em>: az a term\u00e9szetes vagy jogi szem\u00e9ly, illetve jogi szem\u00e9lyis\u00e9ggel nem rendelkez\u0151 szervezet, aki vagy amely \u00f6n\u00e1ll\u00f3an vagy m\u00e1sokkal egy\u00fctt az adat kezel\u00e9s\u00e9nek c\u00e9lj\u00e1t meghat\u00e1rozza, az adatkezel\u00e9sre (bele\u00e9rtve a felhaszn\u00e1lt eszk\u00f6zt) vonatkoz\u00f3 d\u00f6nt\u00e9seket meghozza \u00e9s v\u00e9grehajtja, vagy az adatfeldolgoz\u00f3val v\u00e9grehajtatja.<\/p>\n\n\n\n<p>b)&nbsp;<em>adatkezel\u00e9s<\/em>: az alkalmazott elj\u00e1r\u00e1st\u00f3l f\u00fcggetlen\u00fcl az adaton v\u00e9gzett b\u00e1rmely m\u0171velet vagy a m\u0171veletek \u00f6sszess\u00e9ge, \u00edgy k\u00fcl\u00f6n\u00f6sen gy\u0171jt\u00e9se, felv\u00e9tele, r\u00f6gz\u00edt\u00e9se, rendszerez\u00e9se, t\u00e1rol\u00e1sa, megv\u00e1ltoztat\u00e1sa, felhaszn\u00e1l\u00e1sa, lek\u00e9rdez\u00e9se, tov\u00e1bb\u00edt\u00e1sa, nyilv\u00e1noss\u00e1gra hozatala, \u00f6sszehangol\u00e1sa vagy \u00f6sszekapcsol\u00e1sa, z\u00e1rol\u00e1sa, t\u00f6rl\u00e9se \u00e9s megsemmis\u00edt\u00e9se, valamint az adat tov\u00e1bbi felhaszn\u00e1l\u00e1s\u00e1nak megakad\u00e1lyoz\u00e1sa, f\u00e9nyk\u00e9p-, hang- vagy k\u00e9pfelv\u00e9tel k\u00e9sz\u00edt\u00e9se, valamint a szem\u00e9ly azonos\u00edt\u00e1s\u00e1ra alkalmas fizikai r\u00f6gz\u00edt\u00e9se.<\/p>\n\n\n\n<p>c)&nbsp;<em>szem\u00e9lyes adat<\/em>: az \u00e9rintettel kapcsolatba hozhat\u00f3 adat \u2013 k\u00fcl\u00f6n\u00f6sen az \u00e9rintett neve, azonos\u00edt\u00f3 jele, valamint egy vagy t\u00f6bb fizikai, fiziol\u00f3giai, ment\u00e1lis, gazdas\u00e1gi, kultur\u00e1lis vagy szoci\u00e1lis azonoss\u00e1g\u00e1ra jellemz\u0151 ismeret -, valamint az adatb\u00f3l levonhat\u00f3, az \u00e9rintettre vonatkoz\u00f3 k\u00f6vetkeztet\u00e9s.<\/p>\n\n\n\n<p>d)&nbsp;<em>hozz\u00e1j\u00e1rul\u00e1s<\/em>: az \u00e9rintett akarat\u00e1nak \u00f6nk\u00e9ntes \u00e9s hat\u00e1rozott kinyilv\u00e1n\u00edt\u00e1sa, amely megfelel\u0151 t\u00e1j\u00e9koztat\u00e1son alapul, \u00e9s amellyel f\u00e9lre\u00e9rthetetlen beleegyez\u00e9s\u00e9t adja a r\u00e1 vonatkoz\u00f3 szem\u00e9lyes adat- teljes k\u00f6r\u0171 vagy egyes m\u0171veletekre kiterjed\u0151 \u2013 kezel\u00e9s\u00e9hez.<\/p>\n\n\n\n<p>e)&nbsp;<em>adatv\u00e9delem:<\/em>&nbsp;az \u00e9rintett inform\u00e1ci\u00f3s \u00f6nrendelkez\u00e9si jog\u00e1nak \u00e9rv\u00e9nyre juttat\u00e1sa \u00e9rdek\u00e9ben a szem\u00e9lyes adatok kezel\u00e9s\u00e9nek normat\u00edv szab\u00e1lyoz\u00e1sa;<\/p>\n\n\n\n<p>f)&nbsp;<em>\u00e9rintett<\/em>: b\u00e1rmely meghat\u00e1rozott, szem\u00e9lyes adat alapj\u00e1n azonos\u00edtott vagy \u2013 k\u00f6zvetlen\u00fcl vagy k\u00f6zvetve \u2013 azonos\u00edthat\u00f3 term\u00e9szetes szem\u00e9ly.<\/p>\n\n\n\n<h4 class=\"wp-block-heading\">IV. Az adatkezel\u0151 megnevez\u00e9se<\/h4>\n\n\n\n<ol start=\"5\" class=\"wp-block-list\">\n<li>Szervezet neve: Travel Online Kft<\/li>\n<\/ol>\n\n\n\n<ul class=\"wp-block-list\">\n<li>Sz\u00e9khelye: 2800. Tatab\u00e1nya, Dr. Vit\u00e1lis Istv\u00e1n u. 54. 1.emelet 1\/<\/li>\n\n\n\n<li>Bejegyz\u0151 hat\u00e1rozat sz\u00e1ma:<\/li>\n\n\n\n<li>Nyilv\u00e1ntart\u00e1si sz\u00e1m:<\/li>\n\n\n\n<li>Szervezet ad\u00f3sz\u00e1ma: 12440180-2-11<\/li>\n\n\n\n<li>B\u00edr\u00f3s\u00e1gi nyilv\u00e1ntart\u00e1si sz\u00e1m:<\/li>\n\n\n\n<li>Email: zsuzsa.marosi@hotelklaszter.hu<\/li>\n<\/ul>\n\n\n\n<p>A 2011. \u00e9vi CXII. t\u00f6rv\u00e9ny 65. \u00a7 (3) a) pontja \u00e9rtelm\u00e9ben nem vezet adatv\u00e9delmi nyilv\u00e1ntart\u00e1st a Hat\u00f3s\u00e1g arr\u00f3l az adatkezel\u00e9sr\u0151l, amely az adatkezel\u0151vel munkaviszonyban, tags\u00e1gi viszonyban, \u00f3vodai nevel\u00e9sben val\u00f3 r\u00e9szv\u00e9telre ir\u00e1nyul\u00f3, tanul\u00f3i vagy tanul\u00f3szerz\u0151d\u00e9ses jogviszonyban, koll\u00e9giumi tags\u00e1gi viszonyban vagy \u2013 a p\u00e9nz\u00fcgyi szervezetek, k\u00f6z\u00fczemi szolg\u00e1ltat\u00f3k, elektronikus h\u00edrk\u00f6zl\u00e9si szolg\u00e1ltat\u00f3k \u00fcgyfelei kiv\u00e9tel\u00e9vel \u2013 \u00fcgyf\u00e9lkapcsolatban \u00e1ll\u00f3 szem\u00e9lyek adataira vonatkozik.<\/p>\n\n\n\n<h4 class=\"wp-block-heading\">V. Az adatok megismer\u00e9s\u00e9re jogosult term\u00e9szetes \u00e9s jogi szem\u00e9lyek<\/h4>\n\n\n\n<ol start=\"6\" class=\"wp-block-list\">\n<li>Az Adatkezel\u0151 Alapszab\u00e1ly\u00e1ban meghat\u00e1rozott vezet\u0151s\u00e9ge, illetve a vezet\u0151s\u00e9g \u00e1ltal k\u00fcl\u00f6n erre felhatalmazott szem\u00e9lyek jogosultak megismerni a szem\u00e9lyes adatokat. Az adatkezel\u0151 az adatokat nem teszi k\u00f6zz\u00e9.<\/li>\n<\/ol>\n\n\n\n<h4 class=\"wp-block-heading\">VI. A<em>&nbsp;kezelt szem\u00e9lyes adatok k\u00f6re<\/em><\/h4>\n\n\n\n<ol start=\"7\" class=\"wp-block-list\">\n<li>A jelen szab\u00e1lyzat kiz\u00e1r\u00f3lag a term\u00e9szetes szem\u00e9lyek adatainak a kezel\u00e9s\u00e9re terjed ki, tekintettel arra, hogy szem\u00e9lyes adatok kiz\u00e1r\u00f3lag term\u00e9szetes szem\u00e9lyek vonatkoz\u00e1s\u00e1ban \u00e9rtelmezhet\u0151k.<\/li>\n\n\n\n<li>Az Adatkezel\u0151h\u00f6z t\u00f6rt\u00e9n\u0151 regisztr\u00e1ci\u00f3 sor\u00e1n az \u00e9rintettnek meg kell adnia a k\u00f6vetkez\u0151 szem\u00e9lyes adatokat: n\u00e9v, vagy c\u00e9gn\u00e9v; c\u00edm (otthoni, vagy a c\u00e9g sz\u00e9khelye); telefonsz\u00e1m (otthoni, munkahelyi, mobil); e-mail c\u00edm.<\/li>\n\n\n\n<li>A tagok szem\u00e9lyes adatainak kezel\u00e9se sor\u00e1n az Adatkezel\u0151 betartja az Eur\u00f3pai Parlament \u00e9s a Tan\u00e1cs 2016\/679 Rendelet\u00e9ben (GDPR), valamint az inform\u00e1ci\u00f3s \u00f6nrendelkez\u00e9si jogr\u00f3l sz\u00f3l\u00f3 2011. \u00e9vi CXII. t\u00f6rv\u00e9nyben foglaltakat.<\/li>\n\n\n\n<li>Az adatkezel\u00e9ssel kapcsolatban az Adatkezel\u0151 tagja az al\u00e1bbi jogaival \u00e9lhet:<\/li>\n<\/ol>\n\n\n\n<p>a) t\u00e1j\u00e9koztat\u00e1s: az \u00e9rintett jogosult t\u00e1j\u00e9koztat\u00e1st k\u00e9rni szem\u00e9lyes adatai kezel\u00e9s\u00e9r\u0151l;<\/p>\n\n\n\n<p>b) hozz\u00e1f\u00e9r\u00e9s joga: az \u00e9rintett jogosult hozz\u00e1f\u00e9rni az \u00f6sszes olyan szem\u00e9lyes adathoz, amit az adatkezel\u0151 vele kapcsolatban nyilv\u00e1ntart;<\/p>\n\n\n\n<p>c) t\u00f6rl\u00e9shez val\u00f3 jog: az \u00e9rintett jogosult k\u00e9rni a kezelt szem\u00e9lyes adatai t\u00f6rl\u00e9s\u00e9t, az adatkezel\u0151 jogosult a k\u00e9r\u00e9st elb\u00edr\u00e1lni, \u00e9s k\u00f6teles err\u0151l t\u00e1j\u00e9koztatni az \u00e9rintettet;<\/p>\n\n\n\n<p>d) helyesb\u00edt\u00e9s: az \u00e9rintett jogosult k\u00e9rni pontatlan adatainak helyesb\u00edt\u00e9s\u00e9t az adatkezel\u0151t\u0151l;<\/p>\n\n\n\n<p>e) elfeledtet\u00e9shez val\u00f3 jog: ha az adatkezel\u0151 nyilv\u00e1noss\u00e1gra hozta az \u00e9rintett szem\u00e9lyes adat\u00e1t, \u00e9s azt t\u00f6r\u00f6lni k\u00f6teles, akkor az adatkezel\u0151 minden \u00e9sszer\u0171en elv\u00e1rhat\u00f3 l\u00e9p\u00e9st k\u00f6teles megtenni, hogy az \u00f6sszes c\u00edmzett a t\u00f6rl\u00e9si k\u00e9relemr\u0151l \u00e9rtes\u00edt\u00e9st kapjon;<\/p>\n\n\n\n<p>f) adathordozhat\u00f3s\u00e1ghoz val\u00f3 jog: az adatkezel\u0151 k\u00f6teles az \u00e9rintett \u00e1ltal megadott szem\u00e9lyes adatokat \u2013 sz\u00e9les k\u00f6rben haszn\u00e1lt, g\u00e9ppel olvashat\u00f3 form\u00e1tumban \u2013 az \u00e9rintett r\u00e9sz\u00e9re kiadni, ha azt az \u00e9rintett k\u00e9ri;<\/p>\n\n\n\n<p>g) tiltakoz\u00e1s: az \u00e9rintett szem\u00e9lyes adat\u00e1nak kezel\u00e9s\u00e9t kifog\u00e1solhatja, \u00e9s az adatkezel\u00e9s megsz\u00fcntet\u00e9s\u00e9t, illetve a kezelt adat t\u00f6rl\u00e9s\u00e9t k\u00e9rheti;<\/p>\n\n\n\n<p>h) adatkezel\u00e9s korl\u00e1toz\u00e1sa: az \u00e9rintett k\u00e9rheti szem\u00e9lyes adatainak korl\u00e1toz\u00e1s\u00e1t, az adatkezel\u0151 ebben az esetben azonos\u00edt\u00f3 jelz\u00e9ssel l\u00e1tja el az adatokat, tov\u00e1bbi adat kezel\u00e9s\u00e9nek v\u00e9gleges vagy meghat\u00e1rozott id\u0151re t\u00f6rt\u00e9n\u0151 korl\u00e1toz\u00e1sa c\u00e9lj\u00e1b\u00f3l.<\/p>\n\n\n\n<h4 class=\"wp-block-heading\">VII. Az adatkezel\u00e9s jogalapja, m\u00f3dja \u00e9s c\u00e9lja<\/h4>\n\n\n\n<ol start=\"11\" class=\"wp-block-list\">\n<li>Az adatkezel\u00e9s jogalapja az \u00e9rintett \u00f6nk\u00e9ntes hozz\u00e1j\u00e1rul\u00e1sa. A hozz\u00e1j\u00e1rul\u00e1st az \u00e9rintett a fentiekben megjel\u00f6lt adatok kezel\u00e9se tekintet\u00e9ben jelen adatv\u00e9delmi szab\u00e1lyzat el\u0151zetes megismer\u00e9s\u00e9t k\u00f6vet\u0151en t\u00f6rt\u00e9n\u0151 kifejezett elfogad\u00e1s\u00e1val \u2013 a bel\u00e9p\u00e9si nyilatkozat mell\u00e9kletek\u00e9nt szerepl\u0151 adatkezel\u00e9shez hozz\u00e1j\u00e1rul\u00f3 nyilatkozat elolvas\u00e1s\u00e1val \u00e9s al\u00e1\u00edr\u00e1s\u00e1val \u2013 adja meg.<\/li>\n\n\n\n<li>A regisztr\u00e1ci\u00f3 sor\u00e1n megadott telefonsz\u00e1m \u00e9s e-mail c\u00edm adatkezel\u0151 \u00e1ltali felhaszn\u00e1l\u00e1s\u00e1nak m\u00f3dja a k\u00f6vetkez\u0151: kapcsolattart\u00e1si c\u00e9lokat, illet\u0151leg az \u00e9rintett r\u00e9sz\u00e9re \u00e9rtes\u00edt\u00e9s megk\u00fcld\u00e9s\u00e9re szolg\u00e1l.<\/li>\n\n\n\n<li>Az adatkezel\u0151 a megadott szem\u00e9lyes adatokat az e pontokban \u00edrt c\u00e9lokt\u00f3l elt\u00e9r\u0151 c\u00e9lokra nem haszn\u00e1lhatja fel. Szem\u00e9lyes adatok harmadik szem\u00e9lynek vagy hat\u00f3s\u00e1gok sz\u00e1m\u00e1ra t\u00f6rt\u00e9n\u0151 kiad\u00e1sa \u2013 hacsak t\u00f6rv\u00e9ny ett\u0151l elt\u00e9r\u0151en nem rendelkezik k\u00f6telez\u0151 er\u0151vel \u2013 a felhaszn\u00e1l\u00f3 el\u0151zetes, kifejezett hozz\u00e1j\u00e1rul\u00e1sa eset\u00e9n lehets\u00e9ges kiz\u00e1r\u00f3lag. A szem\u00e9lyes adatok tov\u00e1bb\u00edt\u00e1sa kiz\u00e1r\u00f3lag az esetleges b\u00e9rbev\u00e9tel sikeres lebonyol\u00edt\u00e1s\u00e1hoz sz\u00fcks\u00e9ges ingatlan b\u00e9rbead\u00f3j\u00e1nak adja \u00e1t.<\/li>\n\n\n\n<li>Adatkezel\u0151 a neki megadott szem\u00e9lyes adatokat nem ellen\u0151rzi. A megadott adatok megfelel\u0151s\u00e9g\u00e9\u00e9rt kiz\u00e1r\u00f3lag az azt megad\u00f3 szem\u00e9ly felel.<\/li>\n<\/ol>\n\n\n\n<h4 class=\"wp-block-heading\">VIII. Az adatkezel\u00e9s id\u0151tartama<\/h4>\n\n\n\n<ol start=\"15\" class=\"wp-block-list\">\n<li>Az Adatkezel\u0151h\u00f6z t\u00f6rt\u00e9n\u0151 bel\u00e9p\u00e9s sor\u00e1n megadott adatok kezel\u00e9se a tags\u00e1gi jogviszony fenn\u00e1ll\u00e1s\u00e1ig tart.<\/li>\n\n\n\n<li>Az adatokat els\u0151dlegesen Adatkezel\u0151, illetve Adatkezel\u0151 bels\u0151 munkat\u00e1rsai jogosultak megismerni.<\/li>\n\n\n\n<li>Az \u00e9rintett b\u00e1rmely, az adatkezel\u00e9ssel kapcsolatos k\u00e9rd\u00e9ssel, illetve \u00e9szrev\u00e9tellel az Adatkezel\u0151 munkat\u00e1rs\u00e1hoz fordulhat az al\u00e1bbi el\u00e9rhet\u0151s\u00e9geken kereszt\u00fcl:<\/li>\n<\/ol>\n\n\n\n<ul class=\"wp-block-list\">\n<li>Levelez\u00e9si c\u00edm: Travel Online Kft. 2801. Tatab\u00e1nya, Pf 1257.<\/li>\n\n\n\n<li>E-mail: info@munkasszallokereso.hu<\/li>\n<\/ul>\n\n\n\n<ol start=\"18\" class=\"wp-block-list\">\n<li>Az \u00e9rintett szem\u00e9lyes adatv\u00e9delemmel kapcsolatos jogainak megs\u00e9rt\u00e9se eset\u00e9n b\u00edr\u00f3s\u00e1ghoz fordulhat. A b\u00edr\u00f3s\u00e1g az \u00fcgyben soron k\u00edv\u00fcl j\u00e1r el. A per elb\u00edr\u00e1l\u00e1sa az illet\u00e9kes megyei b\u00edr\u00f3s\u00e1g, a Tatab\u00e1nyai T\u00f6rv\u00e9nysz\u00e9k hat\u00e1sk\u00f6r\u00e9be tartozik. A per \u2013 az \u00e9rintett v\u00e1laszt\u00e1sa szerint \u2013 az \u00e9rintett lak\u00f3helye vagy tart\u00f3zkod\u00e1si helye szerinti megyei b\u00edr\u00f3s\u00e1g el\u0151tt is megind\u00edthat\u00f3.<\/li>\n\n\n\n<li>A Nemzeti Adatv\u00e9delmi \u00e9s Inform\u00e1ci\u00f3szabads\u00e1g Hat\u00f3s\u00e1gn\u00e1l \u2013 https:\/\/naih.hu\/online-uegyinditas.html \u2013 bejelent\u00e9ssel az \u00e9rintett vizsg\u00e1latot kezdem\u00e9nyezhet arra hivatkoz\u00e1ssal, hogy szem\u00e9lyes adatai kezel\u00e9s\u00e9vel kapcsolatban jogs\u00e9relem k\u00f6vetkezett be, vagy annak k\u00f6zvetlen vesz\u00e9lye fenn\u00e1ll.<\/li>\n<\/ol>\n\n\n\n<p>2019. \u00e1prilis 1.<\/p>\n","protected":false},"excerpt":{"rendered":"<p>I. \u00c1ltal\u00e1nos rendelkez\u00e9sek II. A szab\u00e1lyzat c\u00e9lja III. \u00c9rtelmez\u0151 rendelkez\u00e9sek a)&nbsp;adatkezel\u0151: az a term\u00e9szetes vagy jogi szem\u00e9ly, illetve jogi szem\u00e9lyis\u00e9ggel nem rendelkez\u0151 szervezet, aki vagy amely \u00f6n\u00e1ll\u00f3an vagy m\u00e1sokkal egy\u00fctt az adat kezel\u00e9s\u00e9nek c\u00e9lj\u00e1t meghat\u00e1rozza, az adatkezel\u00e9sre (bele\u00e9rtve a felhaszn\u00e1lt eszk\u00f6zt) vonatkoz\u00f3 d\u00f6nt\u00e9seket meghozza \u00e9s v\u00e9grehajtja, vagy az adatfeldolgoz\u00f3val v\u00e9grehajtatja. b)&nbsp;adatkezel\u00e9s: az alkalmazott elj\u00e1r\u00e1st\u00f3l f\u00fcggetlen\u00fcl [&hellip;]<\/p>\n","protected":false},"author":1,"featured_media":0,"parent":0,"menu_order":0,"comment_status":"closed","ping_status":"open","template":"","meta":{"_monsterinsights_skip_tracking":false,"_monsterinsights_sitenote_active":false,"_monsterinsights_sitenote_note":"","_monsterinsights_sitenote_category":0,"footnotes":""},"class_list":["post-3","page","type-page","status-publish","hentry"],"aioseo_notices":[],"_links":{"self":[{"href":"https:\/\/kiger.hu\/munkasszallokereso\/wp-json\/wp\/v2\/pages\/3","targetHints":{"allow":["GET"]}}],"collection":[{"href":"https:\/\/kiger.hu\/munkasszallokereso\/wp-json\/wp\/v2\/pages"}],"about":[{"href":"https:\/\/kiger.hu\/munkasszallokereso\/wp-json\/wp\/v2\/types\/page"}],"author":[{"embeddable":true,"href":"https:\/\/kiger.hu\/munkasszallokereso\/wp-json\/wp\/v2\/users\/1"}],"replies":[{"embeddable":true,"href":"https:\/\/kiger.hu\/munkasszallokereso\/wp-json\/wp\/v2\/comments?post=3"}],"version-history":[{"count":1,"href":"https:\/\/kiger.hu\/munkasszallokereso\/wp-json\/wp\/v2\/pages\/3\/revisions"}],"predecessor-version":[{"id":19064,"href":"https:\/\/kiger.hu\/munkasszallokereso\/wp-json\/wp\/v2\/pages\/3\/revisions\/19064"}],"wp:attachment":[{"href":"https:\/\/kiger.hu\/munkasszallokereso\/wp-json\/wp\/v2\/media?parent=3"}],"curies":[{"name":"wp","href":"https:\/\/api.w.org\/{rel}","templated":true}]}}