{"id":745,"date":"2016-03-10T18:51:46","date_gmt":"2016-03-10T18:51:46","guid":{"rendered":"https:\/\/default.houzez.co\/?page_id=745"},"modified":"2024-10-02T10:46:05","modified_gmt":"2024-10-02T09:46:05","slug":"terms-and-conditions","status":"publish","type":"page","link":"https:\/\/kiger.hu\/munkasszallokereso\/terms-and-conditions\/","title":{"rendered":"\u00c1ltal\u00e1nos Szerz\u0151d\u00e9si Felt\u00e9telek"},"content":{"rendered":"<p>Jelen szab\u00e1lyzat (tov\u00e1bbiakban Szerz\u0151d\u00e9s) egy jogilag k\u00f6telez\u0151 \u00e9rv\u00e9ny\u0171 meg\u00e1llapod\u00e1s a Travel Online Kft. (2800 Tatab\u00e1nya, Dr. Vit\u00e1lis Istv\u00e1n u. 54. 1.emelet 1.) tov\u00e1bbiakban: \u00dczemeltet\u0151 ), mint a \u2026..URL alatt el\u00e9rhet\u0151 weboldal tulajdonosa \u00e9s a Szolg\u00e1ltat\u00e1s ig\u00e9nybe vev\u0151je (tov\u00e1bbiakban: Felhaszn\u00e1l\u00f3) k\u00f6z\u00f6tt, melynek betart\u00e1sa mindk\u00e9t f\u00e9l k\u00f6teless\u00e9ge. \u00a0A Felhaszn\u00e1l\u00f3k szem\u00e9lyes adatainak kezel\u00e9s\u00e9r\u0151l az Adatv\u00e9delmi Nyilatkozat rendelkezik.<\/p>\n<p>Az \u00dczemeltet\u0151 fenntartja mag\u00e1nak a jogot a jelen Szab\u00e1lyzatot k\u00fcl\u00f6n \u00e9rtes\u00edt\u00e9s \u00e9s indokl\u00e1s n\u00e9lk\u00fcli megv\u00e1ltoztat\u00e1s\u00e1ra. A Felhaszn\u00e1l\u00f3 felel\u0151ss\u00e9ge, hogy a Szab\u00e1lyzat v\u00e1ltoz\u00e1sait figyelemmel k\u00eds\u00e9rje. A m\u00f3dos\u00edt\u00e1st k\u00f6vet\u0151en a Szolg\u00e1ltat\u00e1s haszn\u00e1lata a Szab\u00e1lyzat m\u00f3dos\u00edt\u00e1s\u00e1nak elfogad\u00e1s\u00e1t jelenti.<\/p>\n<p>Tilos b\u00e1rmilyen olyan rendszer \u00e9s\/vagy megold\u00e1s haszn\u00e1lata, amely az \u00fczemeltet\u00e9s\u00e9hez haszn\u00e1lt szerverek le\u00e1ll\u00e1s\u00e1t c\u00e9lozza vagy azt eredm\u00e9nyezheti, vagy amely egy\u00e9bk\u00e9nt vesz\u00e9lyezteti vagy vesz\u00e9lyeztetheti a Szolg\u00e1ltat\u00e1s m\u0171k\u00f6dtet\u00e9s\u00e9t<\/p>\n<p>A meghat\u00e1rozott korl\u00e1tok k\u00f6z\u00f6tt b\u00e1rki a Szolg\u00e1ltat\u00e1s nem regisztr\u00e1lt vagy regisztr\u00e1lt felhaszn\u00e1l\u00f3ja lehet, aki meg\u00e9rti, elfogadja \u00e9s betartja a jelen Szab\u00e1lyzatot, a jogszab\u00e1lyokat \u00e9s a Netikettet.<\/p>\n<p><strong>A Travel Online Kft, mint \u00dczemeltet\u0151 \u00e9s m\u00e1s harmadik szem\u00e9lyek szellemi alkot\u00e1sokhoz f\u0171z\u0151d\u0151 jogai\u00a0<\/strong><\/p>\n<p>A Travel Online Kft, mint \u00dczemeltet\u0151 \u00e1ltal k\u00f6zz\u00e9tett tartalom \u00e9s szolg\u00e1ltat\u00e1s (ide\u00e9rtve t\u00f6bbek k\u00f6zt valamennyi a Szolg\u00e1ltat\u00e1s keret\u00e9n bel\u00fcl el\u00e9rhet\u0151 cikket, fot\u00f3t, grafik\u00e1t \u00e9s egy\u00e9b anyagokat, arculatot, szerkeszt\u00e9s\u00e9t, annak elv\u00e9t, a Szolg\u00e1ltat\u00e1s \u00fczemeltet\u00e9se sor\u00e1n haszn\u00e1lt szoftveres \u00e9s egy\u00e9b megold\u00e1sokat, \u00f6tletet, design, marketing egyedi megold\u00e1st, megval\u00f3s\u00edt\u00e1st) az \u00dczemeltet\u0151 szellemi tulajdon\u00e1t k\u00e9pezi, semmilyen form\u00e1ban nem haszn\u00e1lhat\u00f3 fel vagy hasznos\u00edthat\u00f3 az \u00dczemeltet\u0151 el\u0151zetes \u00edr\u00e1sbeli enged\u00e9ly\u00e9nek hozz\u00e1j\u00e1rul\u00e1sa n\u00e9lk\u00fcl.<\/p>\n<p>A weboldalon bel\u00fcl el\u00e9rhet\u0151 term\u00e9kek nevei, fot\u00f3i, log\u00f3i \u00a0v\u00e9dettek lehetnek, \u00edgy ezeket a Felhaszn\u00e1l\u00f3k csak az \u00e9rintett c\u00e9gek enged\u00e9ly\u00e9vel haszn\u00e1lhatj\u00e1k fel.<\/p>\n<p><strong>Felel\u0151ss\u00e9g, Szavatoss\u00e1g<\/strong><\/p>\n<p>Az \u00dczemeltet\u0151 \u00e9s a vele szerz\u0151d\u00f6tt partnerek el\u00e9rhet\u0151v\u00e9 teszik az adott szolg\u00e1ltat\u00e1sra vonatkoz\u00f3 inform\u00e1ci\u00f3kat. A szolg\u00e1ltat\u00e1s bemutat\u00e1sa kiz\u00e1r\u00f3lag t\u00e1j\u00e9koztat\u00f3 jelleg\u0171, annak szolg\u00e1ltat\u00f3ja \u00e1ltal k\u00f6z\u00f6lt adatokon alapul, melyre tekintettel annak pontoss\u00e1g\u00e1\u00e9rt, megb\u00edzhat\u00f3s\u00e1g\u00e1\u00e9rt, teljess\u00e9g\u00e9\u00e9rt, adott c\u00e9lra val\u00f3 alkalmass\u00e1g\u00e1\u00e9rt \u00e9s az ezek hi\u00e1ny\u00e1b\u00f3l ered\u0151 k\u00f6zvetlen vagy k\u00f6zvetett k\u00e1rok\u00e9rt a weboldal \u00dczemeltet\u0151j\u00e9t semmilyen felel\u0151ss\u00e9g nem terheli.<\/p>\n<p><strong>Hirdet\u00e9sek \u00e9s a Szolg\u00e1ltat\u00e1s oldalair\u00f3l el\u00e9rhet\u0151 m\u00e1s oldalak\u00a0<\/strong><\/p>\n<p>A weboldal harmadik szem\u00e9lyek \u00e1ltal \u00fczemeltetett weboldalakra mutat\u00f3 linkeket is tartalmaz. Amennyiben az \u00dczemeltet\u0151 tudom\u00e1st szerez arr\u00f3l, hogy az \u00e1ltala linkelt oldal vagy a linkel\u00e9s harmadik szem\u00e9lyek jogait vagy a hat\u00e1lyos jogszab\u00e1lyokat s\u00e9rti, a linket halad\u00e9ktalanul elt\u00e1vol\u00edtja. Ezen fel\u00fcl az \u00dczemeltet\u0151 az \u00e1ltala haszn\u00e1lt linkek illetve az \u00e1ltaluk leh\u00edvhat\u00f3 weboldalak tartalm\u00e1\u00e9rt semmilyen felel\u0151ss\u00e9get nem v\u00e1llal.<\/p>\n<p>A weboldalon megjelent hirdet\u00e9sek tartalm\u00e1\u00e9rt az \u00dczemeltet\u0151 \u00a0felel\u0151ss\u00e9get nem v\u00e1llal \u00e9s az ott elhelyezett fizetett politikai hirdet\u00e9sek nem t\u00fckr\u00f6zik a szerkeszt\u0151s\u00e9g vagy az \u00dczemeltet\u0151 v\u00e9lem\u00e9ny\u00e9t. Az \u00dczemeltet\u0151 a hirdet\u00e9sek k\u00f6zz\u00e9t\u00e9telekor teljes m\u00e9rt\u00e9kben figyelembe veszi az elektronikus kereskedelmi szolg\u00e1ltat\u00e1sokr\u00f3l sz\u00f3l\u00f3 2001. \u00e9vi CVIII. t\u00f6rv\u00e9ny (a tov\u00e1bbiakban: EKT), a gazdas\u00e1gi rekl\u00e1mtev\u00e9kenys\u00e9g alapvet\u0151 felt\u00e9teleir\u0151l \u00e9s egyes korl\u00e1tair\u00f3l sz\u00f3l\u00f3 2008. \u00e9vi XLVIII. t\u00f6rv\u00e9ny rendelkez\u00e9seit, valamint az \u00f6nszab\u00e1lyoz\u00f3 rekl\u00e1mpiacon kialakult gyakorlatot.<\/p>\n<p><strong>A weboldalra mutat\u00f3 link elhelyez\u00e9se<\/strong><\/p>\n<p>Amennyiben a Felhaszn\u00e1l\u00f3 a saj\u00e1t weboldal\u00e1n a munkasszallokereso.hu honlap (vagy b\u00e1rmelyik elem\u00e9re) mutat\u00f3 linket (a tov\u00e1bbiakban: Link) k\u00edv\u00e1n elhelyezni, azt kiz\u00e1r\u00f3lag a k\u00f6vetkez\u0151 felt\u00e9telek betart\u00e1sa mellett teheti meg. A Link kiz\u00e1r\u00f3lag a Szolg\u00e1ltat\u00e1s tartalm\u00e1ra mutathat, a tartalom t\u00f6bbsz\u00f6r\u00f6z\u00e9se, m\u00e1sol\u00e1sa nem lehets\u00e9ges A Linkel\u0151 oldal nem szolg\u00e1ltathat vagy tartalmazhat val\u00f3tlan inform\u00e1ci\u00f3t az \u00dczemeltet\u0151 \u00e9s a Linkel\u0151 Weboldal fenntart\u00f3ja k\u00f6z\u00f6tt fenn\u00e1ll\u00f3 jogviszonyr\u00f3l \u00e9s az \u00dczemeltet\u0151r\u0151l illetve \u00a0a Linkel\u0151 Weboldal nem tartalmazhat jogszab\u00e1lyt, harmadik szem\u00e9ly jogait, vagy a k\u00f6z\u00edzl\u00e9st s\u00e9rt\u0151 tartalmat.<\/p>\n<p>Ezen szab\u00e1lyokt\u00f3l elt\u00e9rni csak az \u00dczemeltet\u0151vel k\u00f6t\u00f6tt (pl. bannercser\u00e9kre vagy hirdet\u00e9si illetve egy\u00fcttm\u0171k\u00f6d\u00e9s vonatkoz\u00f3) \u00edr\u00e1sbeli meg\u00e1llapod\u00e1s alapj\u00e1n lehet \u00e9s csak az \u00dczemeltet\u0151vel szerz\u0151d\u0151 f\u00e9l jogosult.<\/p>\n<p><strong>Felel\u0151ss\u00e9g korl\u00e1toz\u00e1sa<\/strong><\/p>\n<p>A Szolg\u00e1ltat\u00f3k felt\u00e9telezik a Felhaszn\u00e1l\u00f3 r\u00e9sz\u00e9r\u0151l az Internet lehet\u0151s\u00e9geinek \u00e9s korl\u00e1tainak ismeret\u00e9t \u00e9s elfogad\u00e1s\u00e1t, k\u00fcl\u00f6n\u00f6s tekintettel a technikai teljes\u00edtm\u00e9nyekre \u00e9s a felmer\u00fcl\u0151 hib\u00e1kra. Ez\u00e9rt a Szolg\u00e1ltat\u00f3k semminem\u0171 felel\u0151ss\u00e9get nem v\u00e1llalnak a port\u00e1l haszn\u00e1lata sor\u00e1n esetlegesen fell\u00e9p\u0151 szoftver, kommunik\u00e1ci\u00f3s, vagy egy\u00e9b v\u00e1ratlan technikai hib\u00e1k\u00e9rt.<\/p>\n<p><strong>Felhaszn\u00e1l\u00f3 felel\u0151ss\u00e9ge<\/strong><\/p>\n<p>A weboldalt nem rendeltet\u00e9sszer\u0171en ig\u00e9nybevev\u0151 Felhaszn\u00e1l\u00f3k (megt\u00e9veszt\u0151 foglal\u00e1s, \u00e9s\/vagy sz\u00e1nd\u00e9kos f\u00e9lrevezet\u0151 inform\u00e1ci\u00f3) kiz\u00e1r\u00e1sra ker\u00fclhetnek a szolg\u00e1ltat\u00e1sb\u00f3l.<\/p>\n","protected":false},"excerpt":{"rendered":"<p>Jelen szab\u00e1lyzat (tov\u00e1bbiakban Szerz\u0151d\u00e9s) egy jogilag k\u00f6telez\u0151 \u00e9rv\u00e9ny\u0171 meg\u00e1llapod\u00e1s a Travel Online Kft. (2800 Tatab\u00e1nya, Dr. Vit\u00e1lis Istv\u00e1n u. 54. 1.emelet 1.) tov\u00e1bbiakban: \u00dczemeltet\u0151 ), mint a \u2026..URL alatt el\u00e9rhet\u0151 weboldal tulajdonosa \u00e9s a Szolg\u00e1ltat\u00e1s ig\u00e9nybe vev\u0151je (tov\u00e1bbiakban: Felhaszn\u00e1l\u00f3) k\u00f6z\u00f6tt, melynek betart\u00e1sa mindk\u00e9t f\u00e9l k\u00f6teless\u00e9ge. \u00a0A Felhaszn\u00e1l\u00f3k szem\u00e9lyes adatainak kezel\u00e9s\u00e9r\u0151l az Adatv\u00e9delmi Nyilatkozat rendelkezik. Az [&hellip;]<\/p>\n","protected":false},"author":1,"featured_media":0,"parent":0,"menu_order":0,"comment_status":"closed","ping_status":"closed","template":"","meta":{"_monsterinsights_skip_tracking":false,"_monsterinsights_sitenote_active":false,"_monsterinsights_sitenote_note":"","_monsterinsights_sitenote_category":0,"footnotes":""},"class_list":["post-745","page","type-page","status-publish","hentry"],"aioseo_notices":[],"_links":{"self":[{"href":"https:\/\/kiger.hu\/munkasszallokereso\/wp-json\/wp\/v2\/pages\/745","targetHints":{"allow":["GET"]}}],"collection":[{"href":"https:\/\/kiger.hu\/munkasszallokereso\/wp-json\/wp\/v2\/pages"}],"about":[{"href":"https:\/\/kiger.hu\/munkasszallokereso\/wp-json\/wp\/v2\/types\/page"}],"author":[{"embeddable":true,"href":"https:\/\/kiger.hu\/munkasszallokereso\/wp-json\/wp\/v2\/users\/1"}],"replies":[{"embeddable":true,"href":"https:\/\/kiger.hu\/munkasszallokereso\/wp-json\/wp\/v2\/comments?post=745"}],"version-history":[{"count":1,"href":"https:\/\/kiger.hu\/munkasszallokereso\/wp-json\/wp\/v2\/pages\/745\/revisions"}],"predecessor-version":[{"id":19065,"href":"https:\/\/kiger.hu\/munkasszallokereso\/wp-json\/wp\/v2\/pages\/745\/revisions\/19065"}],"wp:attachment":[{"href":"https:\/\/kiger.hu\/munkasszallokereso\/wp-json\/wp\/v2\/media?parent=745"}],"curies":[{"name":"wp","href":"https:\/\/api.w.org\/{rel}","templated":true}]}}